{"id":6410,"date":"2018-01-15T19:07:35","date_gmt":"2018-01-15T18:07:35","guid":{"rendered":"https:\/\/www.timbrown.de\/?post_type=product&#038;p=6410"},"modified":"2018-01-21T10:47:47","modified_gmt":"2018-01-21T09:47:47","slug":"frankens-beste-kneipenmusiker-vol-1-mp3","status":"publish","type":"product","link":"https:\/\/www.timbrown.de\/en\/shop\/frankens-beste-kneipenmusiker-vol-1-mp3\/","title":{"rendered":"Frankens Beste Kneipenmusiker Vol. 1 (MP3)"},"content":{"rendered":"<p>Frankens beste Kneipenmusiker Vol. 1<\/p>\n<p>Tracklist:<br \/>\n01. Florian Beassler \u2013 Mine<br \/>\n02. Thomas Hellgrewe \u2013 Til there way you<br \/>\n03. Tom Wilson \u2013 All the best<br \/>\n04. Thomas Wullschl\u00e4ger \u2013 Mein kleiner gr\u00f6\u00dfter Freund<br \/>\n05. Steffi Gl\u00e4sser \u2013 Travellin\u2018 Soldier<br \/>\n06. Buskin\u2018 Bastards \u2013 Willing<br \/>\n07. Richard Smerin \u2013 Streets of London<br \/>\n08. Daniel T. Coates \u2013 Goodbye Letter<br \/>\n09. Tony Barkham \u2013 Follow me up to Carlo<br \/>\n10. Atze Bauer \u2013 Feindliche \u00dcbernahme<br \/>\n11. Martin Meinzer \u2013 Scotch me up, Jim Beamy<br \/>\n12. Sebbo \u2013 Hey Blop!<br \/>\n13. Petra Williams \u2013 Carry you home<br \/>\n14. Tim Brown \u2013 Was it something I said<br \/>\n15. Smiley \u2013 What I Got<br \/>\n16. Dentler &amp; Dziallas \u2013 Bad Moon Rising<br \/>\n17. Harald Neubauer \u2013 Nothing else matters<br \/>\n18. Mike Hempel \u2013 Don\u00b4t marry be happy<\/p>\n<div class=\"w-video ratio_3x2\">\n<div class=\"w-video-h\"><iframe loading=\"lazy\" width=\"420\" height=\"315\" src=\"\/\/www.youtube.com\/embed\/PSZPtm1aUzs?rel=0\" allowfullscreen=\"\"><\/iframe><\/div>\n<\/div>\n","protected":false},"excerpt":{"rendered":"<p>Frankens beste Kneipenmusiker Vol. 1 Tracklist: 01. Florian Beassler \u2013 Mine 02. Thomas Hellgrewe \u2013 Til there way you 03. Tom Wilson \u2013 All the best 04. Thomas Wullschl\u00e4ger \u2013 Mein kleiner gr\u00f6\u00dfter Freund 05. Steffi Gl\u00e4sser \u2013 Travellin\u2018 Soldier 06. Buskin\u2018 Bastards \u2013 Willing 07. Richard Smerin \u2013 Streets of London 08. Daniel T&#8230;.<\/p>\n","protected":false},"featured_media":6411,"template":"","meta":[],"product_cat":[48,44],"product_tag":[],"_links":{"self":[{"href":"https:\/\/www.timbrown.de\/en\/wp-json\/wp\/v2\/product\/6410"}],"collection":[{"href":"https:\/\/www.timbrown.de\/en\/wp-json\/wp\/v2\/product"}],"about":[{"href":"https:\/\/www.timbrown.de\/en\/wp-json\/wp\/v2\/types\/product"}],"wp:featuredmedia":[{"embeddable":true,"href":"https:\/\/www.timbrown.de\/en\/wp-json\/wp\/v2\/media\/6411"}],"wp:attachment":[{"href":"https:\/\/www.timbrown.de\/en\/wp-json\/wp\/v2\/media?parent=6410"}],"wp:term":[{"taxonomy":"product_cat","embeddable":true,"href":"https:\/\/www.timbrown.de\/en\/wp-json\/wp\/v2\/product_cat?post=6410"},{"taxonomy":"product_tag","embeddable":true,"href":"https:\/\/www.timbrown.de\/en\/wp-json\/wp\/v2\/product_tag?post=6410"}],"curies":[{"name":"wp","href":"https:\/\/api.w.org\/{rel}","templated":true}]}}